{"id":5,"date":"2013-01-30T19:54:20","date_gmt":"2013-01-30T19:54:20","guid":{"rendered":"http:\/\/tv8.sk\/wp\/?page_id=5"},"modified":"2024-12-20T12:56:41","modified_gmt":"2024-12-20T12:56:41","slug":"relacie","status":"publish","type":"page","link":"https:\/\/www.tv8.sk\/wp\/","title":{"rendered":"\u00davod"},"content":{"rendered":"<blockquote>\n<p style=\"text-align: justify;\"><strong><span style=\"font-family: 'Times New Roman','serif';\"><i><span style=\"font-size: 13.5pt; font-family: 'Georgia','serif';\">Telev\u00edzia OSEM<\/span><\/i><\/span><\/strong><\/p>\n<p class=\"Default\"><span style=\"font-family: 'Times New Roman','serif';\"><i><span style=\"font-size: 13.5pt; font-family: 'Georgia','serif';\">Ob\u013e\u00faben\u00e1 interakt\u00edvna telev\u00edzia zameran\u00e1 na zdrav\u00fd \u017eivotn\u00fd \u0161t\u00fdl, ka\u017edodenn\u00fd \u017eivot, trad\u00edcie a ezoteriku.<\/span><\/i><\/span><\/p>\n<p class=\"Default\"><i><span style=\"font-size: 13.5pt; font-family: 'Georgia','serif';\">Je ur\u010den\u00e1 pre div\u00e1kov od 18 do \u221e rokov, pri\u010dom ka\u017ed\u00fd z div\u00e1kov si v pestr\u00fdch vysielac\u00edch blokoch bezpochyby n\u00e1jde program, ktor\u00fd ho zaujme. <\/span><\/i><\/p>\n<p><em><i><span style=\"font-size: 13.5pt; font-family: 'Georgia','serif';\">Na\u0161im prian\u00edm je, aby sa stala Telev\u00edzia Osem s\u00fa\u010das\u0165ou v\u0161etk\u00fdch dom\u00e1cnost\u00ed na Slovensku alebo v ktoromko\u013evek k\u00fate sveta, kde V\u00e1m m\u00f4\u017eeme prinies\u0165 rados\u0165 zo \u017eivota a pr\u00edjemne str\u00e1ven\u00e9 chv\u00edle. <\/span><\/i><\/em><\/p>\n<p style=\"text-align: justify;\"><b style=\"color: #000000;\"><i>&nbsp;<\/i><\/b><\/p>\n<p style=\"text-align: justify;\"><b style=\"color: #000000;\"><i><a href=\"http:\/\/www.tv8.sk\/wp\/wp-content\/uploads\/2013\/02\/interactive-2.jpg\"><img loading=\"lazy\" decoding=\"async\" class=\"size-medium wp-image-1797 aligncenter\" src=\"http:\/\/www.tv8.sk\/wp\/wp-content\/uploads\/2013\/02\/interactive-2-300x135.jpg\" alt=\"interactive 2\" width=\"300\" height=\"135\"><\/a><\/i><\/b><\/p>\n<\/blockquote>\n\n\n<p><\/p>\n\n\n\n<p><\/p>\n\n\n\n<p><\/p>\n\n\n\n<p><\/p>\n","protected":false},"excerpt":{"rendered":"<p>Telev\u00edzia OSEM Ob\u013e\u00faben\u00e1 interakt\u00edvna telev\u00edzia zameran\u00e1 na zdrav\u00fd \u017eivotn\u00fd \u0161t\u00fdl, ka\u017edodenn\u00fd \u017eivot, trad\u00edcie a ezoteriku. Je ur\u010den\u00e1 pre div\u00e1kov od 18 do \u221e rokov, pri\u010dom ka\u017ed\u00fd z div\u00e1kov si v pestr\u00fdch vysielac\u00edch blokoch bezpochyby n\u00e1jde program, ktor\u00fd ho zaujme. Na\u0161im<\/p>\n","protected":false},"author":1,"featured_media":0,"parent":0,"menu_order":0,"comment_status":"closed","ping_status":"closed","template":"","meta":{"footnotes":""},"class_list":["post-5","page","type-page","status-publish","hentry"],"_links":{"self":[{"href":"https:\/\/www.tv8.sk\/wp\/index.php?rest_route=\/wp\/v2\/pages\/5","targetHints":{"allow":["GET"]}}],"collection":[{"href":"https:\/\/www.tv8.sk\/wp\/index.php?rest_route=\/wp\/v2\/pages"}],"about":[{"href":"https:\/\/www.tv8.sk\/wp\/index.php?rest_route=\/wp\/v2\/types\/page"}],"author":[{"embeddable":true,"href":"https:\/\/www.tv8.sk\/wp\/index.php?rest_route=\/wp\/v2\/users\/1"}],"replies":[{"embeddable":true,"href":"https:\/\/www.tv8.sk\/wp\/index.php?rest_route=%2Fwp%2Fv2%2Fcomments&post=5"}],"version-history":[{"count":81,"href":"https:\/\/www.tv8.sk\/wp\/index.php?rest_route=\/wp\/v2\/pages\/5\/revisions"}],"predecessor-version":[{"id":5993,"href":"https:\/\/www.tv8.sk\/wp\/index.php?rest_route=\/wp\/v2\/pages\/5\/revisions\/5993"}],"wp:attachment":[{"href":"https:\/\/www.tv8.sk\/wp\/index.php?rest_route=%2Fwp%2Fv2%2Fmedia&parent=5"}],"curies":[{"name":"wp","href":"https:\/\/api.w.org\/{rel}","templated":true}]}}