{"id":3530,"date":"2019-09-20T08:04:37","date_gmt":"2019-09-20T08:04:37","guid":{"rendered":"http:\/\/www.tv8.sk\/wp\/?page_id=3530"},"modified":"2020-11-23T12:54:11","modified_gmt":"2020-11-23T12:54:11","slug":"vseobecne-obchodne-podmienky-eshop","status":"publish","type":"page","link":"https:\/\/www.tv8.sk\/wp\/?page_id=3530","title":{"rendered":"V\u0161eobecn\u00e9 obchodn\u00e9 podmienky ESHOP"},"content":{"rendered":"<p><a href=\"https:\/\/vop.mediatex.sk\/vseobecne-obchodne-podmienky-a-reklamacny-poriadok-eshop-tv8\/\" target=\"_blank\" rel=\"noopener\">V\u0161eobecn\u00e9 obchodn\u00e9 podmienky a reklama\u010dn\u00fd poriadok ESHOP TV8<\/a><\/p>\n","protected":false},"excerpt":{"rendered":"<p>V\u0161eobecn\u00e9 obchodn\u00e9 podmienky a reklama\u010dn\u00fd poriadok ESHOP TV8<\/p>\n","protected":false},"author":1,"featured_media":0,"parent":0,"menu_order":0,"comment_status":"closed","ping_status":"closed","template":"","meta":{"footnotes":""},"class_list":["post-3530","page","type-page","status-publish","hentry"],"_links":{"self":[{"href":"https:\/\/www.tv8.sk\/wp\/index.php?rest_route=\/wp\/v2\/pages\/3530","targetHints":{"allow":["GET"]}}],"collection":[{"href":"https:\/\/www.tv8.sk\/wp\/index.php?rest_route=\/wp\/v2\/pages"}],"about":[{"href":"https:\/\/www.tv8.sk\/wp\/index.php?rest_route=\/wp\/v2\/types\/page"}],"author":[{"embeddable":true,"href":"https:\/\/www.tv8.sk\/wp\/index.php?rest_route=\/wp\/v2\/users\/1"}],"replies":[{"embeddable":true,"href":"https:\/\/www.tv8.sk\/wp\/index.php?rest_route=%2Fwp%2Fv2%2Fcomments&post=3530"}],"version-history":[{"count":2,"href":"https:\/\/www.tv8.sk\/wp\/index.php?rest_route=\/wp\/v2\/pages\/3530\/revisions"}],"predecessor-version":[{"id":4096,"href":"https:\/\/www.tv8.sk\/wp\/index.php?rest_route=\/wp\/v2\/pages\/3530\/revisions\/4096"}],"wp:attachment":[{"href":"https:\/\/www.tv8.sk\/wp\/index.php?rest_route=%2Fwp%2Fv2%2Fmedia&parent=3530"}],"curies":[{"name":"wp","href":"https:\/\/api.w.org\/{rel}","templated":true}]}}