{"id":2765,"date":"2018-03-12T12:48:52","date_gmt":"2018-03-12T12:48:52","guid":{"rendered":"http:\/\/www.tv8.sk\/wp\/?page_id=2765"},"modified":"2023-09-27T13:04:06","modified_gmt":"2023-09-27T13:04:06","slug":"obchodne-podmienky","status":"publish","type":"page","link":"https:\/\/www.tv8.sk\/wp\/?page_id=2765","title":{"rendered":"V\u0161eobecn\u00e9 obchodn\u00e9 podmienky EZOSHOP"},"content":{"rendered":"<header id=\"masthead\" class=\"site-header clearfix\">\n<div class=\"header-post-title-container clearfix\">\n<div class=\"inner-wrap\">\n<div class=\"post-title-wrapper\">\n<h4 class=\"header-post-title-class\"><a href=\"https:\/\/vop.mediatex.sk\/vseobecne-obchodne-podmienky-a-reklamacny-poriadok-ezoshop-tv8\/\" target=\"_blank\" rel=\"noopener\">V\u0161eobecn\u00e9 obchodn\u00e9 podmienky EZOSHOP<\/a><\/h4>\n<\/div>\n<\/div>\n<\/div>\n<\/header>\n<div id=\"main\" class=\"clearfix\">\n<div class=\"inner-wrap\">\n<div id=\"primary\">\n<div id=\"content\" class=\"clearfix\">\n<article id=\"post-2030\" class=\"post-2030 post type-post status-publish format-standard hentry category-pravidla\">\n<div class=\"entry-content clearfix\">\u00a0<\/div>\n<\/article>\n<\/div>\n<\/div>\n<\/div>\n<\/div>\n\n\n<p class=\"has-text-color\" style=\"color:#1292dc;font-size:22px\"><a href=\"https:\/\/vop.mediatex.sk\/informacne-memorandum-o-spracovani-osobnych-udajov-za-ucelom-dodania-tovaru-klientovi-z-eshop-tv8-plnenie-zmluvy-is-eshop\/\" data-type=\"URL\" data-id=\"https:\/\/vop.mediatex.sk\/informacne-memorandum-o-spracovani-osobnych-udajov-za-ucelom-dodania-tovaru-klientovi-z-eshop-tv8-plnenie-zmluvy-is-eshop\/\">Informa\u010dn\u00e9 memorandum EZOSHOP<\/a><\/p>\n","protected":false},"excerpt":{"rendered":"<p>V\u0161eobecn\u00e9 obchodn\u00e9 podmienky EZOSHOP \u00a0 Informa\u010dn\u00e9 memorandum EZOSHOP<\/p>\n","protected":false},"author":1,"featured_media":0,"parent":0,"menu_order":0,"comment_status":"closed","ping_status":"closed","template":"","meta":{"footnotes":""},"class_list":["post-2765","page","type-page","status-publish","hentry"],"_links":{"self":[{"href":"https:\/\/www.tv8.sk\/wp\/index.php?rest_route=\/wp\/v2\/pages\/2765","targetHints":{"allow":["GET"]}}],"collection":[{"href":"https:\/\/www.tv8.sk\/wp\/index.php?rest_route=\/wp\/v2\/pages"}],"about":[{"href":"https:\/\/www.tv8.sk\/wp\/index.php?rest_route=\/wp\/v2\/types\/page"}],"author":[{"embeddable":true,"href":"https:\/\/www.tv8.sk\/wp\/index.php?rest_route=\/wp\/v2\/users\/1"}],"replies":[{"embeddable":true,"href":"https:\/\/www.tv8.sk\/wp\/index.php?rest_route=%2Fwp%2Fv2%2Fcomments&post=2765"}],"version-history":[{"count":15,"href":"https:\/\/www.tv8.sk\/wp\/index.php?rest_route=\/wp\/v2\/pages\/2765\/revisions"}],"predecessor-version":[{"id":5775,"href":"https:\/\/www.tv8.sk\/wp\/index.php?rest_route=\/wp\/v2\/pages\/2765\/revisions\/5775"}],"wp:attachment":[{"href":"https:\/\/www.tv8.sk\/wp\/index.php?rest_route=%2Fwp%2Fv2%2Fmedia&parent=2765"}],"curies":[{"name":"wp","href":"https:\/\/api.w.org\/{rel}","templated":true}]}}