{"id":2738,"date":"2018-03-12T11:49:50","date_gmt":"2018-03-12T11:49:50","guid":{"rendered":"http:\/\/www.tv8.sk\/wp\/?page_id=2738"},"modified":"2023-09-27T12:52:41","modified_gmt":"2023-09-27T12:52:41","slug":"teleshopping","status":"publish","type":"page","link":"https:\/\/www.tv8.sk\/wp\/?page_id=2738","title":{"rendered":"EZOSHOP"},"content":{"rendered":"\n<p class=\"has-text-align-center\" style=\"font-size:27px\">V\u0161etky v\u00fdrobky z ponuky EZOSHOPU n\u00e1jdete vo vysielan\u00ed telev\u00edzie OSEM.<\/p>\n\n\n\n<p><\/p>\n\n\n\n<p><\/p>\n\n\n\n<p class=\"has-text-align-center has-vivid-red-color has-text-color has-small-font-size\"><\/p>\n\n\n\n<p class=\"has-text-align-center has-vivid-red-color has-text-color has-small-font-size\"><\/p>\n","protected":false},"excerpt":{"rendered":"<p>V\u0161etky v\u00fdrobky z ponuky EZOSHOPU n\u00e1jdete vo vysielan\u00ed telev\u00edzie OSEM.<\/p>\n","protected":false},"author":1,"featured_media":0,"parent":0,"menu_order":0,"comment_status":"closed","ping_status":"closed","template":"","meta":{"footnotes":""},"class_list":["post-2738","page","type-page","status-publish","hentry"],"_links":{"self":[{"href":"https:\/\/www.tv8.sk\/wp\/index.php?rest_route=\/wp\/v2\/pages\/2738","targetHints":{"allow":["GET"]}}],"collection":[{"href":"https:\/\/www.tv8.sk\/wp\/index.php?rest_route=\/wp\/v2\/pages"}],"about":[{"href":"https:\/\/www.tv8.sk\/wp\/index.php?rest_route=\/wp\/v2\/types\/page"}],"author":[{"embeddable":true,"href":"https:\/\/www.tv8.sk\/wp\/index.php?rest_route=\/wp\/v2\/users\/1"}],"replies":[{"embeddable":true,"href":"https:\/\/www.tv8.sk\/wp\/index.php?rest_route=%2Fwp%2Fv2%2Fcomments&post=2738"}],"version-history":[{"count":9,"href":"https:\/\/www.tv8.sk\/wp\/index.php?rest_route=\/wp\/v2\/pages\/2738\/revisions"}],"predecessor-version":[{"id":5770,"href":"https:\/\/www.tv8.sk\/wp\/index.php?rest_route=\/wp\/v2\/pages\/2738\/revisions\/5770"}],"wp:attachment":[{"href":"https:\/\/www.tv8.sk\/wp\/index.php?rest_route=%2Fwp%2Fv2%2Fmedia&parent=2738"}],"curies":[{"name":"wp","href":"https:\/\/api.w.org\/{rel}","templated":true}]}}