{"id":2153,"date":"2017-05-24T21:11:30","date_gmt":"2017-05-24T21:11:30","guid":{"rendered":"http:\/\/www.tv8.sk\/wp\/?page_id=2153"},"modified":"2021-06-09T13:43:54","modified_gmt":"2021-06-09T13:43:54","slug":"eshop","status":"publish","type":"page","link":"https:\/\/www.tv8.sk\/wp\/?page_id=2153","title":{"rendered":"ESHOP"},"content":{"rendered":"<p><strong>Kvalitn\u00e9 \u010dierne kovov\u00e9 pero Parker guli\u010dkov\u00e9, modr\u00e1 tuha<br \/>\n<img loading=\"lazy\" decoding=\"async\" class=\"alignnone wp-image-3069 size-thumbnail\" src=\"http:\/\/www.tv8.sk\/wp\/wp-content\/uploads\/2018\/10\/p001-290x290.jpg\" alt=\"\" width=\"290\" height=\"290\" srcset=\"https:\/\/www.tv8.sk\/wp\/wp-content\/uploads\/2018\/10\/p001-290x290.jpg 290w, https:\/\/www.tv8.sk\/wp\/wp-content\/uploads\/2018\/10\/p001-270x270.jpg 270w, https:\/\/www.tv8.sk\/wp\/wp-content\/uploads\/2018\/10\/p001-230x230.jpg 230w\" sizes=\"auto, (max-width: 290px) 100vw, 290px\" \/><br \/>\n<\/strong><\/p>\n<p>Cena produktu: 5,99 \u20ac s DPH<strong><br \/>\n<\/strong><\/p>\n<p><strong>USB k\u013e\u00fa\u010d 16GB, \u010dierny obal + kov<br \/>\n<img loading=\"lazy\" decoding=\"async\" class=\"alignnone wp-image-3070 size-thumbnail\" src=\"http:\/\/www.tv8.sk\/wp\/wp-content\/uploads\/2018\/10\/p002-290x290.jpg\" alt=\"\" width=\"290\" height=\"290\" srcset=\"https:\/\/www.tv8.sk\/wp\/wp-content\/uploads\/2018\/10\/p002-290x290.jpg 290w, https:\/\/www.tv8.sk\/wp\/wp-content\/uploads\/2018\/10\/p002-270x270.jpg 270w, https:\/\/www.tv8.sk\/wp\/wp-content\/uploads\/2018\/10\/p002-230x230.jpg 230w\" sizes=\"auto, (max-width: 290px) 100vw, 290px\" \/><br \/>\n<\/strong>Cena produktu: 5,99 \u20ac s DPH<\/p>\n<p><strong>Nerezov\u00e1 f\u013ea\u0161a vo farbe d\u00fahy, 800 ml<br \/>\n<img loading=\"lazy\" decoding=\"async\" class=\"wp-image-3071 size-thumbnail alignnone\" src=\"http:\/\/www.tv8.sk\/wp\/wp-content\/uploads\/2018\/10\/p003-290x290.jpg\" alt=\"\" width=\"290\" height=\"290\" srcset=\"https:\/\/www.tv8.sk\/wp\/wp-content\/uploads\/2018\/10\/p003-290x290.jpg 290w, https:\/\/www.tv8.sk\/wp\/wp-content\/uploads\/2018\/10\/p003-270x270.jpg 270w, https:\/\/www.tv8.sk\/wp\/wp-content\/uploads\/2018\/10\/p003-230x230.jpg 230w\" sizes=\"auto, (max-width: 290px) 100vw, 290px\" \/><br \/>\n<\/strong>Cena produktu: 5,99 \u20ac s DPH<\/p>\n<p><strong>Vizitk\u00e1r s perom s logom TV OSEM<br \/>\n<img loading=\"lazy\" decoding=\"async\" class=\"wp-image-2108 size-thumbnail alignnone\" src=\"http:\/\/www.tv8.sk\/wp\/wp-content\/uploads\/2017\/05\/vizitkar-s-perom-tv8-290x290.jpg\" alt=\"\" width=\"290\" height=\"290\" srcset=\"https:\/\/www.tv8.sk\/wp\/wp-content\/uploads\/2017\/05\/vizitkar-s-perom-tv8-290x290.jpg 290w, https:\/\/www.tv8.sk\/wp\/wp-content\/uploads\/2017\/05\/vizitkar-s-perom-tv8-50x50.jpg 50w, https:\/\/www.tv8.sk\/wp\/wp-content\/uploads\/2017\/05\/vizitkar-s-perom-tv8-31x31.jpg 31w, https:\/\/www.tv8.sk\/wp\/wp-content\/uploads\/2017\/05\/vizitkar-s-perom-tv8-148x148.jpg 148w\" sizes=\"auto, (max-width: 290px) 100vw, 290px\" \/><\/strong><br \/>\nCena produktu: 5,99 \u20ac s DPH<\/p>\n<p><strong>K\u00e1vov\u00fd hrn\u010dek s logom TV OSEM<\/strong><\/p>\n<p><img loading=\"lazy\" decoding=\"async\" class=\"alignnone wp-image-2111 size-thumbnail\" src=\"http:\/\/www.tv8.sk\/wp\/wp-content\/uploads\/2017\/05\/kavovy-hrncek-tv8-290x290.jpg\" alt=\"\" width=\"290\" height=\"290\" srcset=\"https:\/\/www.tv8.sk\/wp\/wp-content\/uploads\/2017\/05\/kavovy-hrncek-tv8-290x290.jpg 290w, https:\/\/www.tv8.sk\/wp\/wp-content\/uploads\/2017\/05\/kavovy-hrncek-tv8-300x300.jpg 300w, https:\/\/www.tv8.sk\/wp\/wp-content\/uploads\/2017\/05\/kavovy-hrncek-tv8-768x768.jpg 768w, https:\/\/www.tv8.sk\/wp\/wp-content\/uploads\/2017\/05\/kavovy-hrncek-tv8-148x148.jpg 148w, https:\/\/www.tv8.sk\/wp\/wp-content\/uploads\/2017\/05\/kavovy-hrncek-tv8-31x31.jpg 31w, https:\/\/www.tv8.sk\/wp\/wp-content\/uploads\/2017\/05\/kavovy-hrncek-tv8-38x38.jpg 38w, https:\/\/www.tv8.sk\/wp\/wp-content\/uploads\/2017\/05\/kavovy-hrncek-tv8-215x215.jpg 215w, https:\/\/www.tv8.sk\/wp\/wp-content\/uploads\/2017\/05\/kavovy-hrncek-tv8-50x50.jpg 50w, https:\/\/www.tv8.sk\/wp\/wp-content\/uploads\/2017\/05\/kavovy-hrncek-tv8.jpg 900w\" sizes=\"auto, (max-width: 290px) 100vw, 290px\" \/><br \/>\nCena produktu: 3,99 \u20ac s DPH<\/p>\n<p><strong>Z\u00e1pisn\u00edk s logom TV OSEM<\/strong><\/p>\n<p><strong><img loading=\"lazy\" decoding=\"async\" class=\"alignnone wp-image-2103 size-thumbnail\" src=\"http:\/\/www.tv8.sk\/wp\/wp-content\/uploads\/2017\/05\/zapisnik-tv8-290x290.jpg\" alt=\"\" width=\"290\" height=\"290\" srcset=\"https:\/\/www.tv8.sk\/wp\/wp-content\/uploads\/2017\/05\/zapisnik-tv8-290x290.jpg 290w, https:\/\/www.tv8.sk\/wp\/wp-content\/uploads\/2017\/05\/zapisnik-tv8-50x50.jpg 50w, https:\/\/www.tv8.sk\/wp\/wp-content\/uploads\/2017\/05\/zapisnik-tv8-31x31.jpg 31w, https:\/\/www.tv8.sk\/wp\/wp-content\/uploads\/2017\/05\/zapisnik-tv8-148x148.jpg 148w\" sizes=\"auto, (max-width: 290px) 100vw, 290px\" \/><\/strong><br \/>\nCena produktu: 2,99 \u20ac s DPH<\/p>\n<p><strong>USB k\u013e\u00fa\u010d s logom TV OSEM<\/strong><\/p>\n<p><strong><img loading=\"lazy\" decoding=\"async\" class=\"alignnone wp-image-2115 size-thumbnail\" src=\"http:\/\/www.tv8.sk\/wp\/wp-content\/uploads\/2017\/05\/usb-kluc-tv8-290x290.jpg\" alt=\"\" width=\"290\" height=\"290\" srcset=\"https:\/\/www.tv8.sk\/wp\/wp-content\/uploads\/2017\/05\/usb-kluc-tv8-290x290.jpg 290w, https:\/\/www.tv8.sk\/wp\/wp-content\/uploads\/2017\/05\/usb-kluc-tv8-50x50.jpg 50w, https:\/\/www.tv8.sk\/wp\/wp-content\/uploads\/2017\/05\/usb-kluc-tv8-148x148.jpg 148w, https:\/\/www.tv8.sk\/wp\/wp-content\/uploads\/2017\/05\/usb-kluc-tv8-31x31.jpg 31w\" sizes=\"auto, (max-width: 290px) 100vw, 290px\" \/><\/strong><br \/>\nCena produktu: 4,99 \u20ac s DPH<\/p>\n<p><strong>Zapa\u013eova\u010d s logom TV OSEM<\/strong><\/p>\n<p><strong><img loading=\"lazy\" decoding=\"async\" class=\"alignnone wp-image-2114 size-thumbnail\" src=\"http:\/\/www.tv8.sk\/wp\/wp-content\/uploads\/2017\/05\/zapalovac-tv8-290x290.jpg\" alt=\"\" width=\"290\" height=\"290\" srcset=\"https:\/\/www.tv8.sk\/wp\/wp-content\/uploads\/2017\/05\/zapalovac-tv8-290x290.jpg 290w, https:\/\/www.tv8.sk\/wp\/wp-content\/uploads\/2017\/05\/zapalovac-tv8-50x50.jpg 50w, https:\/\/www.tv8.sk\/wp\/wp-content\/uploads\/2017\/05\/zapalovac-tv8-31x31.jpg 31w\" sizes=\"auto, (max-width: 290px) 100vw, 290px\" \/><\/strong><br \/>\nCena produktu: 8,99 \u20ac s DPH<\/p>\n<p><strong><br \/>\nFotografia ve\u0161tcov TV OSEM s podpisom<\/strong><\/p>\n<p>AIRAM<br \/>\n<img loading=\"lazy\" decoding=\"async\" class=\"alignnone wp-image-2117 size-thumbnail\" src=\"http:\/\/www.tv8.sk\/wp\/wp-content\/uploads\/2017\/05\/airam-1-290x290.jpg\" alt=\"\" width=\"290\" height=\"290\" srcset=\"https:\/\/www.tv8.sk\/wp\/wp-content\/uploads\/2017\/05\/airam-1-290x290.jpg 290w, https:\/\/www.tv8.sk\/wp\/wp-content\/uploads\/2017\/05\/airam-1-50x50.jpg 50w, https:\/\/www.tv8.sk\/wp\/wp-content\/uploads\/2017\/05\/airam-1-31x31.jpg 31w\" sizes=\"auto, (max-width: 290px) 100vw, 290px\" \/><\/p>\n<p>BELA<br \/>\n<img loading=\"lazy\" decoding=\"async\" class=\"alignnone wp-image-2118 size-thumbnail\" src=\"http:\/\/www.tv8.sk\/wp\/wp-content\/uploads\/2017\/05\/bela-1-290x290.jpg\" alt=\"\" width=\"290\" height=\"290\" srcset=\"https:\/\/www.tv8.sk\/wp\/wp-content\/uploads\/2017\/05\/bela-1-290x290.jpg 290w, https:\/\/www.tv8.sk\/wp\/wp-content\/uploads\/2017\/05\/bela-1-50x50.jpg 50w\" sizes=\"auto, (max-width: 290px) 100vw, 290px\" \/><\/p>\n<p>DAMIEL<br \/>\n<img loading=\"lazy\" decoding=\"async\" class=\"alignnone wp-image-2120 size-thumbnail\" src=\"http:\/\/www.tv8.sk\/wp\/wp-content\/uploads\/2017\/05\/damiel-1-290x290.jpg\" alt=\"\" width=\"290\" height=\"290\" srcset=\"https:\/\/www.tv8.sk\/wp\/wp-content\/uploads\/2017\/05\/damiel-1-290x290.jpg 290w, https:\/\/www.tv8.sk\/wp\/wp-content\/uploads\/2017\/05\/damiel-1-50x50.jpg 50w\" sizes=\"auto, (max-width: 290px) 100vw, 290px\" \/><\/p>\n<p>HAJNALKA<br \/>\n<img loading=\"lazy\" decoding=\"async\" class=\"alignnone wp-image-2121 size-thumbnail\" src=\"http:\/\/www.tv8.sk\/wp\/wp-content\/uploads\/2017\/05\/hajnalka-1-290x290.jpg\" alt=\"\" width=\"290\" height=\"290\" srcset=\"https:\/\/www.tv8.sk\/wp\/wp-content\/uploads\/2017\/05\/hajnalka-1-290x290.jpg 290w, https:\/\/www.tv8.sk\/wp\/wp-content\/uploads\/2017\/05\/hajnalka-1-50x50.jpg 50w\" sizes=\"auto, (max-width: 290px) 100vw, 290px\" \/><\/p>\n<p>TAMARA<br \/>\n<img loading=\"lazy\" decoding=\"async\" class=\"alignnone wp-image-2123 size-thumbnail\" src=\"http:\/\/www.tv8.sk\/wp\/wp-content\/uploads\/2017\/05\/tamara-1-290x290.jpg\" alt=\"\" width=\"290\" height=\"290\" \/><\/p>\n<p>TATIANA<br \/>\n<img loading=\"lazy\" decoding=\"async\" class=\"alignnone wp-image-2124 size-thumbnail\" src=\"http:\/\/www.tv8.sk\/wp\/wp-content\/uploads\/2017\/05\/tatiana-1-290x290.jpg\" alt=\"\" width=\"290\" height=\"290\" srcset=\"https:\/\/www.tv8.sk\/wp\/wp-content\/uploads\/2017\/05\/tatiana-1-290x290.jpg 290w, https:\/\/www.tv8.sk\/wp\/wp-content\/uploads\/2017\/05\/tatiana-1-50x50.jpg 50w\" sizes=\"auto, (max-width: 290px) 100vw, 290px\" \/><\/p>\n<p>MARCIA<br \/>\n<img loading=\"lazy\" decoding=\"async\" class=\"alignnone wp-image-2122 size-thumbnail\" src=\"http:\/\/www.tv8.sk\/wp\/wp-content\/uploads\/2017\/05\/marcia-1-290x290.jpg\" alt=\"\" width=\"290\" height=\"290\" srcset=\"https:\/\/www.tv8.sk\/wp\/wp-content\/uploads\/2017\/05\/marcia-1-290x290.jpg 290w, https:\/\/www.tv8.sk\/wp\/wp-content\/uploads\/2017\/05\/marcia-1-50x50.jpg 50w\" sizes=\"auto, (max-width: 290px) 100vw, 290px\" \/><\/p>\n<p>BORIS<br \/>\n<img loading=\"lazy\" decoding=\"async\" class=\"alignnone wp-image-2119 size-thumbnail\" src=\"http:\/\/www.tv8.sk\/wp\/wp-content\/uploads\/2017\/05\/boris-1-290x290.jpg\" alt=\"\" width=\"290\" height=\"290\" srcset=\"https:\/\/www.tv8.sk\/wp\/wp-content\/uploads\/2017\/05\/boris-1-290x290.jpg 290w, https:\/\/www.tv8.sk\/wp\/wp-content\/uploads\/2017\/05\/boris-1-50x50.jpg 50w\" sizes=\"auto, (max-width: 290px) 100vw, 290px\" \/><\/p>\n<p>Cena produktu: 3,99 \u20ac s DPH<\/p>\n<p>Cena za po\u0161tovn\u00e9 pre SR: + 4,00 \u20ac s DPH<br \/>\nCena za po\u0161tovn\u00e9 pre \u010cR: + 5,00 \u20ac s DPH<\/p>\n<p><strong><br \/>\nKontakt pre ot\u00e1zky a podnety kupuj\u00facich:<\/strong><br \/>\nTel.\u010d. : +421 2 32113324 \u00a0v\u00a0pracovn\u00fdch d\u0148och od 08:00 \u2013 15:30<br \/>\ne-mail: <a href=\"mailto:info@mediatex.sk\">info@mediatex.sk<\/a><\/p>\n<p><a href=\"https:\/\/vop.mediatex.sk\/vseobecne-obchodne-podmienky-a-reklamacny-poriadok-eshop-tv8\/\" target=\"_blank\" rel=\"noopener\">V\u0161eobecn\u00e9 obchodn\u00e9 podmienky a reklama\u010dn\u00fd poriadok ESHOP TV8<\/a><\/p>\n","protected":false},"excerpt":{"rendered":"<p>Kvalitn\u00e9 \u010dierne kovov\u00e9 pero Parker guli\u010dkov\u00e9, modr\u00e1 tuha Cena produktu: 5,99 \u20ac s DPH USB k\u013e\u00fa\u010d 16GB, \u010dierny obal + kov Cena produktu: 5,99 \u20ac s DPH Nerezov\u00e1 f\u013ea\u0161a vo farbe d\u00fahy, 800 ml Cena produktu: 5,99 \u20ac s DPH<\/p>\n","protected":false},"author":1,"featured_media":0,"parent":0,"menu_order":0,"comment_status":"closed","ping_status":"closed","template":"","meta":{"footnotes":""},"class_list":["post-2153","page","type-page","status-publish","hentry"],"_links":{"self":[{"href":"https:\/\/www.tv8.sk\/wp\/index.php?rest_route=\/wp\/v2\/pages\/2153","targetHints":{"allow":["GET"]}}],"collection":[{"href":"https:\/\/www.tv8.sk\/wp\/index.php?rest_route=\/wp\/v2\/pages"}],"about":[{"href":"https:\/\/www.tv8.sk\/wp\/index.php?rest_route=\/wp\/v2\/types\/page"}],"author":[{"embeddable":true,"href":"https:\/\/www.tv8.sk\/wp\/index.php?rest_route=\/wp\/v2\/users\/1"}],"replies":[{"embeddable":true,"href":"https:\/\/www.tv8.sk\/wp\/index.php?rest_route=%2Fwp%2Fv2%2Fcomments&post=2153"}],"version-history":[{"count":21,"href":"https:\/\/www.tv8.sk\/wp\/index.php?rest_route=\/wp\/v2\/pages\/2153\/revisions"}],"predecessor-version":[{"id":4348,"href":"https:\/\/www.tv8.sk\/wp\/index.php?rest_route=\/wp\/v2\/pages\/2153\/revisions\/4348"}],"wp:attachment":[{"href":"https:\/\/www.tv8.sk\/wp\/index.php?rest_route=%2Fwp%2Fv2%2Fmedia&parent=2153"}],"curies":[{"name":"wp","href":"https:\/\/api.w.org\/{rel}","templated":true}]}}